{"id":18,"date":"2024-06-09T01:59:35","date_gmt":"2024-06-08T23:59:35","guid":{"rendered":"https:\/\/macca.pro\/?page_id=18"},"modified":"2024-06-10T01:08:55","modified_gmt":"2024-06-09T23:08:55","slug":"accueil","status":"publish","type":"page","link":"https:\/\/macca.pro\/","title":{"rendered":"Accueil"},"content":{"rendered":"\t\t<div data-elementor-type=\"wp-page\" data-elementor-id=\"18\" class=\"elementor elementor-18\">\n\t\t\t\t\t\t<section class=\"elementor-section elementor-top-section elementor-element elementor-element-kul5job elementor-section-full_width elementor-section-content-middle elementor-section-height-default elementor-section-height-default\" data-id=\"kul5job\" data-element_type=\"section\" data-settings=\"{&quot;background_background&quot;:&quot;classic&quot;}\">\n\t\t\t\t\t\t<div class=\"elementor-container elementor-column-gap-default\">\n\t\t\t\t\t<div class=\"elementor-column elementor-col-50 elementor-top-column elementor-element elementor-element-f5ce967\" data-id=\"f5ce967\" data-element_type=\"column\" data-settings=\"{&quot;background_background&quot;:&quot;classic&quot;}\">\n\t\t\t<div class=\"elementor-widget-wrap elementor-element-populated\">\n\t\t\t\t\t\t<div class=\"elementor-element elementor-element-c91dab2 elementor-widget elementor-widget-heading\" data-id=\"c91dab2\" data-element_type=\"widget\" data-widget_type=\"heading.default\">\n\t\t\t\t<div class=\"elementor-widget-container\">\n\t\t\t\t\t<h1 class=\"elementor-heading-title elementor-size-default\">Macca Production  une \u00e9quipe Photo \/ Video sp\u00e9cialis\u00e9e en spectacles, concerts et conf\u00e9rences.<\/h1>\t\t\t\t<\/div>\n\t\t\t\t<\/div>\n\t\t\t\t<div class=\"elementor-element elementor-element-ef5c231 elementor-widget elementor-widget-text-editor\" data-id=\"ef5c231\" data-element_type=\"widget\" data-widget_type=\"text-editor.default\">\n\t\t\t\t<div class=\"elementor-widget-container\">\n\t\t\t\t\t\t\t\t\t<p>Chez Macca Production vos moments pr\u00e9cieux et vos id\u00e9es innovantes sont film\u00e9es en multicam et mont\u00e9es instantan\u00e9ment.<\/p>\t\t\t\t\t\t\t\t<\/div>\n\t\t\t\t<\/div>\n\t\t\t\t<div class=\"elementor-element elementor-element-c8067fd elementor-button-success elementor-widget elementor-widget-button\" data-id=\"c8067fd\" data-element_type=\"widget\" data-widget_type=\"button.default\">\n\t\t\t\t<div class=\"elementor-widget-container\">\n\t\t\t\t\t\t\t\t\t<div class=\"elementor-button-wrapper\">\n\t\t\t\t\t<a class=\"elementor-button elementor-button-link elementor-size-sm\" href=\"https:\/\/macca.pro\/index.php\/a-propos\/\">\n\t\t\t\t\t\t<span class=\"elementor-button-content-wrapper\">\n\t\t\t\t\t\t\t\t\t<span class=\"elementor-button-text\">D\u00e9marrons l'aventure ensemble!<\/span>\n\t\t\t\t\t<\/span>\n\t\t\t\t\t<\/a>\n\t\t\t\t<\/div>\n\t\t\t\t\t\t\t\t<\/div>\n\t\t\t\t<\/div>\n\t\t\t\t\t<\/div>\n\t\t<\/div>\n\t\t\t\t<div class=\"elementor-column elementor-col-50 elementor-top-column elementor-element elementor-element-b220992\" data-id=\"b220992\" data-element_type=\"column\" data-settings=\"{&quot;background_background&quot;:&quot;classic&quot;}\">\n\t\t\t<div class=\"elementor-widget-wrap elementor-element-populated\">\n\t\t\t\t\t<div class=\"elementor-background-overlay\"><\/div>\n\t\t\t\t\t\t<div class=\"elementor-element elementor-element-79bbc80 elementor-widget elementor-widget-image\" data-id=\"79bbc80\" data-element_type=\"widget\" data-widget_type=\"image.default\">\n\t\t\t\t<div class=\"elementor-widget-container\">\n\t\t\t\t\t\t\t\t\t\t\t\t\t\t\t<img fetchpriority=\"high\" decoding=\"async\" width=\"300\" height=\"300\" src=\"https:\/\/macca.pro\/wp-content\/uploads\/2024\/06\/Logo-Macca-Production-Jason-Macca-Photographe-Videaste-Creation-de-site-internet.png\" class=\"attachment-medium size-medium wp-image-65\" alt=\"Logo-Macca-Production-Jason-Macca-Photographe-Videaste-Cr\u00e9ation-de-site-internet\" srcset=\"https:\/\/macca.pro\/wp-content\/uploads\/2024\/06\/Logo-Macca-Production-Jason-Macca-Photographe-Videaste-Creation-de-site-internet-300x300.png 300w, https:\/\/macca.pro\/wp-content\/uploads\/2024\/06\/Logo-Macca-Production-Jason-Macca-Photographe-Videaste-Creation-de-site-internet-150x150.png 150w, https:\/\/macca.pro\/wp-content\/uploads\/2024\/06\/Logo-Macca-Production-Jason-Macca-Photographe-Videaste-Creation-de-site-internet.png 512w\" sizes=\"(max-width: 300px) 100vw, 300px\" \/>\t\t\t\t\t\t\t\t\t\t\t\t\t\t\t<\/div>\n\t\t\t\t<\/div>\n\t\t\t\t\t<\/div>\n\t\t<\/div>\n\t\t\t\t\t<\/div>\n\t\t<\/section>\n\t\t\t\t<\/div>\n\t\t","protected":false},"excerpt":{"rendered":"<p>Macca Production une \u00e9quipe Photo \/ Video sp\u00e9cialis\u00e9e en spectacles, concerts et conf\u00e9rences. Chez Macca Production vos moments pr\u00e9cieux et [&hellip;]<\/p>\n","protected":false},"author":1,"featured_media":0,"parent":0,"menu_order":0,"comment_status":"closed","ping_status":"closed","template":"","meta":{"site-sidebar-layout":"no-sidebar","site-content-layout":"","ast-site-content-layout":"full-width-container","site-content-style":"default","site-sidebar-style":"default","ast-global-header-display":"","ast-banner-title-visibility":"","ast-main-header-display":"","ast-hfb-above-header-display":"","ast-hfb-below-header-display":"","ast-hfb-mobile-header-display":"","site-post-title":"disabled","ast-breadcrumbs-content":"","ast-featured-img":"disabled","footer-sml-layout":"","ast-disable-related-posts":"","theme-transparent-header-meta":"","adv-header-id-meta":"","stick-header-meta":"","header-above-stick-meta":"","header-main-stick-meta":"","header-below-stick-meta":"","astra-migrate-meta-layouts":"default","ast-page-background-enabled":"default","ast-page-background-meta":{"desktop":{"background-color":"var(--ast-global-color-4)","background-image":"","background-repeat":"repeat","background-position":"center center","background-size":"auto","background-attachment":"scroll","background-type":"","background-media":"","overlay-type":"","overlay-color":"","overlay-opacity":"","overlay-gradient":""},"tablet":{"background-color":"","background-image":"","background-repeat":"repeat","background-position":"center center","background-size":"auto","background-attachment":"scroll","background-type":"","background-media":"","overlay-type":"","overlay-color":"","overlay-opacity":"","overlay-gradient":""},"mobile":{"background-color":"","background-image":"","background-repeat":"repeat","background-position":"center center","background-size":"auto","background-attachment":"scroll","background-type":"","background-media":"","overlay-type":"","overlay-color":"","overlay-opacity":"","overlay-gradient":""}},"ast-content-background-meta":{"desktop":{"background-color":"var(--ast-global-color-5)","background-image":"","background-repeat":"repeat","background-position":"center center","background-size":"auto","background-attachment":"scroll","background-type":"","background-media":"","overlay-type":"","overlay-color":"","overlay-opacity":"","overlay-gradient":""},"tablet":{"background-color":"var(--ast-global-color-5)","background-image":"","background-repeat":"repeat","background-position":"center center","background-size":"auto","background-attachment":"scroll","background-type":"","background-media":"","overlay-type":"","overlay-color":"","overlay-opacity":"","overlay-gradient":""},"mobile":{"background-color":"var(--ast-global-color-5)","background-image":"","background-repeat":"repeat","background-position":"center center","background-size":"auto","background-attachment":"scroll","background-type":"","background-media":"","overlay-type":"","overlay-color":"","overlay-opacity":"","overlay-gradient":""}},"footnotes":""},"yoast_head":"<!-- This site is optimized with the Yoast SEO plugin v24.1 - https:\/\/yoast.com\/wordpress\/plugins\/seo\/ -->\n<title>Accueil - Macca Production - Experts en Photo, Vid\u00e9o et Sites Web pour Entreprises et Particuliers<\/title>\n<meta name=\"robots\" content=\"index, follow, max-snippet:-1, max-image-preview:large, max-video-preview:-1\" \/>\n<link rel=\"canonical\" href=\"https:\/\/macca.pro\/\" \/>\n<meta property=\"og:locale\" content=\"fr_FR\" \/>\n<meta property=\"og:type\" content=\"article\" \/>\n<meta property=\"og:title\" content=\"Accueil - Macca Production - Experts en Photo, Vid\u00e9o et Sites Web pour Entreprises et Particuliers\" \/>\n<meta property=\"og:description\" content=\"Macca Production une \u00e9quipe Photo \/ Video sp\u00e9cialis\u00e9e en spectacles, concerts et conf\u00e9rences. Chez Macca Production vos moments pr\u00e9cieux et [&hellip;]\" \/>\n<meta property=\"og:url\" content=\"https:\/\/macca.pro\/\" \/>\n<meta property=\"og:site_name\" content=\"Macca Production - Experts en Photo, Vid\u00e9o et Sites Web pour Entreprises et Particuliers\" \/>\n<meta property=\"article:modified_time\" content=\"2024-06-09T23:08:55+00:00\" \/>\n<meta property=\"og:image\" content=\"https:\/\/macca.pro\/wp-content\/uploads\/2024\/06\/Logo-Macca-Production-Jason-Macca-Photographe-Videaste-Creation-de-site-internet.png\" \/>\n\t<meta property=\"og:image:width\" content=\"512\" \/>\n\t<meta property=\"og:image:height\" content=\"512\" \/>\n\t<meta property=\"og:image:type\" content=\"image\/png\" \/>\n<meta name=\"twitter:card\" content=\"summary_large_image\" \/>\n<script type=\"application\/ld+json\" class=\"yoast-schema-graph\">{\"@context\":\"https:\/\/schema.org\",\"@graph\":[{\"@type\":\"WebPage\",\"@id\":\"https:\/\/macca.pro\/\",\"url\":\"https:\/\/macca.pro\/\",\"name\":\"Accueil - Macca Production - Experts en Photo, Vid\u00e9o et Sites Web pour Entreprises et Particuliers\",\"isPartOf\":{\"@id\":\"https:\/\/macca.pro\/#website\"},\"primaryImageOfPage\":{\"@id\":\"https:\/\/macca.pro\/#primaryimage\"},\"image\":{\"@id\":\"https:\/\/macca.pro\/#primaryimage\"},\"thumbnailUrl\":\"https:\/\/macca.pro\/wp-content\/uploads\/2024\/06\/Logo-Macca-Production-Jason-Macca-Photographe-Videaste-Creation-de-site-internet.png\",\"datePublished\":\"2024-06-08T23:59:35+00:00\",\"dateModified\":\"2024-06-09T23:08:55+00:00\",\"breadcrumb\":{\"@id\":\"https:\/\/macca.pro\/#breadcrumb\"},\"inLanguage\":\"fr-BE\",\"potentialAction\":[{\"@type\":\"ReadAction\",\"target\":[\"https:\/\/macca.pro\/\"]}]},{\"@type\":\"ImageObject\",\"inLanguage\":\"fr-BE\",\"@id\":\"https:\/\/macca.pro\/#primaryimage\",\"url\":\"https:\/\/macca.pro\/wp-content\/uploads\/2024\/06\/Logo-Macca-Production-Jason-Macca-Photographe-Videaste-Creation-de-site-internet.png\",\"contentUrl\":\"https:\/\/macca.pro\/wp-content\/uploads\/2024\/06\/Logo-Macca-Production-Jason-Macca-Photographe-Videaste-Creation-de-site-internet.png\",\"width\":512,\"height\":512,\"caption\":\"Logo-Macca-Production-Jason-Macca-Photographe-Videaste-Cr\u00e9ation-de-site-internet\"},{\"@type\":\"BreadcrumbList\",\"@id\":\"https:\/\/macca.pro\/#breadcrumb\",\"itemListElement\":[{\"@type\":\"ListItem\",\"position\":1,\"name\":\"Accueil\",\"item\":\"https:\/\/macca.pro\/\"},{\"@type\":\"ListItem\",\"position\":2,\"name\":\"Accueil\"}]},{\"@type\":\"WebSite\",\"@id\":\"https:\/\/macca.pro\/#website\",\"url\":\"https:\/\/macca.pro\/\",\"name\":\"Macca Production - Experts en Photo, Vid\u00e9o et Sites Web pour Entreprises et Particuliers\",\"description\":\"Photographie, Vid\u00e9o, Web : Laissez-nous sublimer votre pr\u00e9sence en ligne\",\"publisher\":{\"@id\":\"https:\/\/macca.pro\/#organization\"},\"potentialAction\":[{\"@type\":\"SearchAction\",\"target\":{\"@type\":\"EntryPoint\",\"urlTemplate\":\"https:\/\/macca.pro\/?s={search_term_string}\"},\"query-input\":{\"@type\":\"PropertyValueSpecification\",\"valueRequired\":true,\"valueName\":\"search_term_string\"}}],\"inLanguage\":\"fr-BE\"},{\"@type\":\"Organization\",\"@id\":\"https:\/\/macca.pro\/#organization\",\"name\":\"Macca Production - Experts en Photo, Vid\u00e9o et Sites Web pour Entreprises et Particuliers\",\"url\":\"https:\/\/macca.pro\/\",\"logo\":{\"@type\":\"ImageObject\",\"inLanguage\":\"fr-BE\",\"@id\":\"https:\/\/macca.pro\/#\/schema\/logo\/image\/\",\"url\":\"https:\/\/macca.pro\/wp-content\/uploads\/2024\/06\/Logo-Macca-Production-Jason-Macca-Photographe-Videaste-Creation-de-site-internet.png\",\"contentUrl\":\"https:\/\/macca.pro\/wp-content\/uploads\/2024\/06\/Logo-Macca-Production-Jason-Macca-Photographe-Videaste-Creation-de-site-internet.png\",\"width\":512,\"height\":512,\"caption\":\"Macca Production - Experts en Photo, Vid\u00e9o et Sites Web pour Entreprises et Particuliers\"},\"image\":{\"@id\":\"https:\/\/macca.pro\/#\/schema\/logo\/image\/\"}}]}<\/script>\n<!-- \/ Yoast SEO plugin. -->","yoast_head_json":{"title":"Accueil - Macca Production - Experts en Photo, Vid\u00e9o et Sites Web pour Entreprises et Particuliers","robots":{"index":"index","follow":"follow","max-snippet":"max-snippet:-1","max-image-preview":"max-image-preview:large","max-video-preview":"max-video-preview:-1"},"canonical":"https:\/\/macca.pro\/","og_locale":"fr_FR","og_type":"article","og_title":"Accueil - Macca Production - Experts en Photo, Vid\u00e9o et Sites Web pour Entreprises et Particuliers","og_description":"Macca Production une \u00e9quipe Photo \/ Video sp\u00e9cialis\u00e9e en spectacles, concerts et conf\u00e9rences. Chez Macca Production vos moments pr\u00e9cieux et [&hellip;]","og_url":"https:\/\/macca.pro\/","og_site_name":"Macca Production - Experts en Photo, Vid\u00e9o et Sites Web pour Entreprises et Particuliers","article_modified_time":"2024-06-09T23:08:55+00:00","og_image":[{"width":512,"height":512,"url":"https:\/\/macca.pro\/wp-content\/uploads\/2024\/06\/Logo-Macca-Production-Jason-Macca-Photographe-Videaste-Creation-de-site-internet.png","type":"image\/png"}],"twitter_card":"summary_large_image","schema":{"@context":"https:\/\/schema.org","@graph":[{"@type":"WebPage","@id":"https:\/\/macca.pro\/","url":"https:\/\/macca.pro\/","name":"Accueil - Macca Production - Experts en Photo, Vid\u00e9o et Sites Web pour Entreprises et Particuliers","isPartOf":{"@id":"https:\/\/macca.pro\/#website"},"primaryImageOfPage":{"@id":"https:\/\/macca.pro\/#primaryimage"},"image":{"@id":"https:\/\/macca.pro\/#primaryimage"},"thumbnailUrl":"https:\/\/macca.pro\/wp-content\/uploads\/2024\/06\/Logo-Macca-Production-Jason-Macca-Photographe-Videaste-Creation-de-site-internet.png","datePublished":"2024-06-08T23:59:35+00:00","dateModified":"2024-06-09T23:08:55+00:00","breadcrumb":{"@id":"https:\/\/macca.pro\/#breadcrumb"},"inLanguage":"fr-BE","potentialAction":[{"@type":"ReadAction","target":["https:\/\/macca.pro\/"]}]},{"@type":"ImageObject","inLanguage":"fr-BE","@id":"https:\/\/macca.pro\/#primaryimage","url":"https:\/\/macca.pro\/wp-content\/uploads\/2024\/06\/Logo-Macca-Production-Jason-Macca-Photographe-Videaste-Creation-de-site-internet.png","contentUrl":"https:\/\/macca.pro\/wp-content\/uploads\/2024\/06\/Logo-Macca-Production-Jason-Macca-Photographe-Videaste-Creation-de-site-internet.png","width":512,"height":512,"caption":"Logo-Macca-Production-Jason-Macca-Photographe-Videaste-Cr\u00e9ation-de-site-internet"},{"@type":"BreadcrumbList","@id":"https:\/\/macca.pro\/#breadcrumb","itemListElement":[{"@type":"ListItem","position":1,"name":"Accueil","item":"https:\/\/macca.pro\/"},{"@type":"ListItem","position":2,"name":"Accueil"}]},{"@type":"WebSite","@id":"https:\/\/macca.pro\/#website","url":"https:\/\/macca.pro\/","name":"Macca Production - Experts en Photo, Vid\u00e9o et Sites Web pour Entreprises et Particuliers","description":"Photographie, Vid\u00e9o, Web : Laissez-nous sublimer votre pr\u00e9sence en ligne","publisher":{"@id":"https:\/\/macca.pro\/#organization"},"potentialAction":[{"@type":"SearchAction","target":{"@type":"EntryPoint","urlTemplate":"https:\/\/macca.pro\/?s={search_term_string}"},"query-input":{"@type":"PropertyValueSpecification","valueRequired":true,"valueName":"search_term_string"}}],"inLanguage":"fr-BE"},{"@type":"Organization","@id":"https:\/\/macca.pro\/#organization","name":"Macca Production - Experts en Photo, Vid\u00e9o et Sites Web pour Entreprises et Particuliers","url":"https:\/\/macca.pro\/","logo":{"@type":"ImageObject","inLanguage":"fr-BE","@id":"https:\/\/macca.pro\/#\/schema\/logo\/image\/","url":"https:\/\/macca.pro\/wp-content\/uploads\/2024\/06\/Logo-Macca-Production-Jason-Macca-Photographe-Videaste-Creation-de-site-internet.png","contentUrl":"https:\/\/macca.pro\/wp-content\/uploads\/2024\/06\/Logo-Macca-Production-Jason-Macca-Photographe-Videaste-Creation-de-site-internet.png","width":512,"height":512,"caption":"Macca Production - Experts en Photo, Vid\u00e9o et Sites Web pour Entreprises et Particuliers"},"image":{"@id":"https:\/\/macca.pro\/#\/schema\/logo\/image\/"}}]}},"_links":{"self":[{"href":"https:\/\/macca.pro\/index.php\/wp-json\/wp\/v2\/pages\/18"}],"collection":[{"href":"https:\/\/macca.pro\/index.php\/wp-json\/wp\/v2\/pages"}],"about":[{"href":"https:\/\/macca.pro\/index.php\/wp-json\/wp\/v2\/types\/page"}],"author":[{"embeddable":true,"href":"https:\/\/macca.pro\/index.php\/wp-json\/wp\/v2\/users\/1"}],"replies":[{"embeddable":true,"href":"https:\/\/macca.pro\/index.php\/wp-json\/wp\/v2\/comments?post=18"}],"version-history":[{"count":56,"href":"https:\/\/macca.pro\/index.php\/wp-json\/wp\/v2\/pages\/18\/revisions"}],"predecessor-version":[{"id":422,"href":"https:\/\/macca.pro\/index.php\/wp-json\/wp\/v2\/pages\/18\/revisions\/422"}],"wp:attachment":[{"href":"https:\/\/macca.pro\/index.php\/wp-json\/wp\/v2\/media?parent=18"}],"curies":[{"name":"wp","href":"https:\/\/api.w.org\/{rel}","templated":true}]}}